{"id":28,"date":"2025-06-25T22:48:45","date_gmt":"2025-06-25T22:48:45","guid":{"rendered":"https:\/\/konsul.co\/?page_id=28"},"modified":"2025-08-28T14:35:02","modified_gmt":"2025-08-28T14:35:02","slug":"home","status":"publish","type":"page","link":"https:\/\/konsul.co\/","title":{"rendered":"Home"},"content":{"rendered":"<!-- wp:themify-builder\/canvas \/-->","protected":false},"excerpt":{"rendered":"","protected":false},"author":1,"featured_media":0,"parent":0,"menu_order":0,"comment_status":"closed","ping_status":"closed","template":"","meta":{"footnotes":""},"class_list":["post-28","page","type-page","status-publish","hentry","has-post-title","has-post-date","has-post-category","has-post-tag","has-post-comment","has-post-author",""],"builder_content":"<h1>Koszule szyte na miar\u0119<\/h1>\n<p>Odwied\u017a nasze sklepy stacjonarne i znajd\u017a koszul\u0119 dla siebie. Wybieraj spo\u015br\u00f3d oferty gotowych koszul lub zam\u00f3w koszul\u0119 szyt\u0105 na miar\u0119.<\/p>\n<a href=\"#rezerwacja\" target=\"_blank\" rel=\"noopener\"> Um\u00f3w si\u0119 na darmowy pomiar <\/a>\n<img src=\"https:\/\/konsul.co\/wp-content\/uploads\/2025\/08\/Nowy-wymiar-koszul.png\" title=\"Nowy wymiar koszul\" alt=\"Nowy wymiar koszul\" srcset=\"https:\/\/konsul.co\/wp-content\/uploads\/2025\/08\/Nowy-wymiar-koszul.png 1400w, https:\/\/konsul.co\/wp-content\/uploads\/2025\/08\/Nowy-wymiar-koszul-300x300.png 300w, https:\/\/konsul.co\/wp-content\/uploads\/2025\/08\/Nowy-wymiar-koszul-1024x1024.png 1024w, https:\/\/konsul.co\/wp-content\/uploads\/2025\/08\/Nowy-wymiar-koszul-150x150.png 150w, https:\/\/konsul.co\/wp-content\/uploads\/2025\/08\/Nowy-wymiar-koszul-768x768.png 768w\" sizes=\"(max-width: 1400px) 100vw, 1400px\" \/>\n<h2>Witamy!<\/h2>\n<h2>Dlaczego my?<\/h2> <p>Ponad milion sprzedanych koszul. 30 lat na rynku. Wiemy o koszulach wszystko i pomo\u017cemy Ci wybra\u0107 tak\u0105, kt\u00f3ra najlepiej oddaje Tw\u00f3j unikalny styl.\u00a0<\/p>\n<h5>S\u0142awomir Pie\u0144kowski<\/h5> <p>W\u0142a\u015bciciel i tw\u00f3rca marki KONSUL<\/p>\n<img src=\"https:\/\/konsul.co\/wp-content\/uploads\/2025\/08\/Konsul-logo-transparent-black-487x475.png\" width=\"487\" height=\"475\" title=\"Konsul logo transparent black\" alt=\"Konsul logo transparent black\">\n<a href=\"https:\/\/share.google\/qPllbRC3pZ9VmqEiS\"> <img src=\"https:\/\/konsul.co\/wp-content\/uploads\/2025\/08\/mapa-konsul.png\" title=\"mapa konsul\" alt=\"mapa konsul\" srcset=\"https:\/\/konsul.co\/wp-content\/uploads\/2025\/08\/mapa-konsul.png 845w, https:\/\/konsul.co\/wp-content\/uploads\/2025\/08\/mapa-konsul-300x192.png 300w, https:\/\/konsul.co\/wp-content\/uploads\/2025\/08\/mapa-konsul-768x493.png 768w\" sizes=\"(max-width: 845px) 100vw, 845px\" \/> <\/a>\n<h2>Odwied\u017a nas<\/h2> <h3>+48601204779<\/h3>\n<p>Centrum Mody Nadarzyn<br>Al. Katowicka 51 lok. 261<br>05-830 Nadarzyn<\/p>\n<p>Pon-Sb: 10.00 - 18.00<br>Niedziela: 10.00-14.45<\/p>\n<h2>Darmowy pomiar<\/h2> <p>Pami\u0119taj, \u017ce zebranie wymiar\u00f3w koszuli jest zupe\u0142nie darmowe. Zapraszamy do naszego sklepu w okolicy Warszawy. Podaj nam sw\u00f3j adres email, a skontaktujemy si\u0119 z Tob\u0105 aby um\u00f3wi\u0107 termin wizyty.<\/p>","_links":{"self":[{"href":"https:\/\/konsul.co\/index.php?rest_route=\/wp\/v2\/pages\/28","targetHints":{"allow":["GET"]}}],"collection":[{"href":"https:\/\/konsul.co\/index.php?rest_route=\/wp\/v2\/pages"}],"about":[{"href":"https:\/\/konsul.co\/index.php?rest_route=\/wp\/v2\/types\/page"}],"author":[{"embeddable":true,"href":"https:\/\/konsul.co\/index.php?rest_route=\/wp\/v2\/users\/1"}],"replies":[{"embeddable":true,"href":"https:\/\/konsul.co\/index.php?rest_route=%2Fwp%2Fv2%2Fcomments&post=28"}],"version-history":[{"count":47,"href":"https:\/\/konsul.co\/index.php?rest_route=\/wp\/v2\/pages\/28\/revisions"}],"predecessor-version":[{"id":147,"href":"https:\/\/konsul.co\/index.php?rest_route=\/wp\/v2\/pages\/28\/revisions\/147"}],"wp:attachment":[{"href":"https:\/\/konsul.co\/index.php?rest_route=%2Fwp%2Fv2%2Fmedia&parent=28"}],"curies":[{"name":"wp","href":"https:\/\/api.w.org\/{rel}","templated":true}]}}